{"id":57108,"date":"2023-08-30T09:22:00","date_gmt":"2023-08-30T09:22:00","guid":{"rendered":"https:\/\/dutchinkalbums.com\/album-the-frame\/"},"modified":"2023-09-06T13:01:06","modified_gmt":"2023-09-06T13:01:06","slug":"album-the-frame","status":"publish","type":"page","link":"https:\/\/dutchinkalbums.com\/de\/album-the-frame\/","title":{"rendered":"Album The Frame"},"content":{"rendered":"<p>[spb_slider layerslider_shortcode=&#8221;34&#8243; fullwidth=&#8221;yes&#8221; width=&#8221;1\/1&#8243; el_position=&#8221;first last&#8221;] [spb_blank_spacer height=&#8221;90px&#8221; width=&#8221;1\/1&#8243; el_position=&#8221;first last&#8221;] [spb_row element_name=&#8221;Row&#8221; wrap_type=&#8221;content-width&#8221; parallax_image_height=&#8221;content-height&#8221; parallax_image_movement=&#8221;fixed&#8221; parallax_image_speed=&#8221;0.5&#8243; bg_video_loop=&#8221;yes&#8221; parallax_video_height=&#8221;window-height&#8221; parallax_video_overlay=&#8221;none&#8221; row_overlay_opacity=&#8221;0&#8243; row_col_pos=&#8221;default&#8221; minimize_row=&#8221;no&#8221; width=&#8221;1\/1&#8243; el_position=&#8221;first last&#8221;] [spb_column col_sm=&#8221;2&#8243; padding_horizontal=&#8221;0&#8243; width=&#8221;1\/6&#8243; el_position=&#8221;first&#8221;] [\/spb_column] [spb_column col_sm=&#8221;4&#8243; padding_horizontal=&#8221;0&#8243; width=&#8221;1\/3&#8243;] [spb_image image=&#8221;57087&#8243; image_size=&#8221;full&#8221; frame=&#8221;noframe&#8221; caption_pos=&#8221;hover&#8221; remove_rounded=&#8221;yes&#8221; fullwidth=&#8221;no&#8221; overflow_mode=&#8221;none&#8221; link_target=&#8221;_self&#8221; lightbox=&#8221;no&#8221; intro_animation=&#8221;none&#8221; animation_delay=&#8221;200&#8243; width=&#8221;1\/1&#8243; el_position=&#8221;first last&#8221;][\/spb_image] [\/spb_column] [spb_column col_sm=&#8221;6&#8243; padding_horizontal=&#8221;0&#8243; width=&#8221;1\/2&#8243; el_position=&#8221;last&#8221;] [spb_text_block animation=&#8221;none&#8221; animation_delay=&#8221;0&#8243; simplified_controls=&#8221;yes&#8221; custom_css_percentage=&#8221;no&#8221; padding_vertical=&#8221;0&#8243; padding_horizontal=&#8221;0&#8243; margin_vertical=&#8221;0&#8243; custom_css=&#8221;margin-top: 0px;margin-bottom: 0px;&#8221; border_size=&#8221;0&#8243; border_styling_global=&#8221;default&#8221; width=&#8221;1\/1&#8243; el_position=&#8221;first last&#8221;]<\/p>\n<h3 style=\"text-align: left;\">The frame<\/h3>\n<p>[\/spb_text_block] [spb_text_block animation=&#8221;none&#8221; animation_delay=&#8221;0&#8243; simplified_controls=&#8221;yes&#8221; custom_css_percentage=&#8221;no&#8221; padding_vertical=&#8221;0&#8243; padding_horizontal=&#8221;0&#8243; margin_vertical=&#8221;0&#8243; custom_css=&#8221;margin-top: 0px;margin-bottom: 0px;&#8221; border_size=&#8221;0&#8243; border_styling_global=&#8221;default&#8221; width=&#8221;1\/1&#8243; el_position=&#8221;first last&#8221;]<\/p>\n<p>The Frame ist ein Album mit einem Ausschnitt f\u00fcr ein Foto. Dieses Album r\u00fcckt das Foto ins Rampenlicht und l\u00e4sst das Album als Rahmen fungieren. Diese Bezugsvariante ist in allen Materialien erh\u00e4ltlich. Das Foto befindet sich etwas tiefer im Einband und ist f\u00fcr einen gut gesch\u00fctzten Druck auf Lustre-Papier gedruckt.<\/p>\n<p>Die Ecken von The Frame sind sauber verarbeitet. Der Rahmen ist perfekt f\u00fcr das eine Killerfoto, das Sie auf dem Cover verwenden k\u00f6nnen.<\/p>\n<p>Das Cover dieses Albumtyps kann mit den meisten Personalisierungsoptionen wie Buchstabenpr\u00e4gung oder Lasergravur weiter personalisiert werden.<\/p>\n<p>[\/spb_text_block] [\/spb_column] [spb_blank_spacer height=&#8221;70px&#8221; width=&#8221;1\/1&#8243; el_position=&#8221;first last&#8221;] [\/spb_row] [spb_gallery element_name=&#8221;Product gallery&#8221; gallery_id=&#8221;57198&#8243; display_type=&#8221;masonry&#8221; columns=&#8221;3&#8243; fullwidth=&#8221;no&#8221; gutters=&#8221;no&#8221; image_size=&#8221;full&#8221; slider_transition=&#8221;slide&#8221; show_thumbs=&#8221;no&#8221; autoplay=&#8221;yes&#8221; show_captions=&#8221;no&#8221; enable_lightbox=&#8221;yes&#8221; width=&#8221;1\/1&#8243; el_position=&#8221;first last&#8221;] [spb_blank_spacer height=&#8221;70px&#8221; width=&#8221;1\/1&#8243; el_position=&#8221;first last&#8221;] [spb_text_block animation=&#8221;none&#8221; animation_delay=&#8221;0&#8243; simplified_controls=&#8221;yes&#8221; custom_css_percentage=&#8221;no&#8221; padding_vertical=&#8221;0&#8243; padding_horizontal=&#8221;0&#8243; margin_vertical=&#8221;0&#8243; custom_css=&#8221;margin-top: 0px;margin-bottom: 0px;&#8221; border_size=&#8221;0&#8243; border_styling_global=&#8221;default&#8221; width=&#8221;1\/1&#8243; el_position=&#8221;first last&#8221;]<\/p>\n<h1 style=\"text-align: center;\">The Frame ist mit allen Leinen-\/Samt- und Ledermaterialien erh\u00e4ltlich<\/h1>\n<p>[\/spb_text_block] [spb_blank_spacer height=&#8221;70px&#8221; width=&#8221;1\/1&#8243; el_position=&#8221;first last&#8221;] [spb_section element_name=&#8221;Personalisatie opties&#8221; spb_section_id=&#8221;17147&#8243; width=&#8221;1\/1&#8243; el_position=&#8221;first last&#8221;] [spb_section element_name=&#8221;Benieuwd naar onze prijzen&#8221; spb_section_id=&#8221;15411&#8243; width=&#8221;1\/1&#8243; el_position=&#8221;first last&#8221;] [spb_section element_name=&#8221;Quicknav&#8221; spb_section_id=&#8221;16483&#8243; width=&#8221;1\/1&#8243; el_position=&#8221;first last&#8221;]<\/p>\n","protected":false},"excerpt":{"rendered":"<p>[spb_slider layerslider_shortcode=&#8221;34&#8243; fullwidth=&#8221;yes&#8221; width=&#8221;1\/1&#8243; el_position=&#8221;first last&#8221;] [spb_blank_spacer height=&#8221;90px&#8221; width=&#8221;1\/1&#8243; el_position=&#8221;first last&#8221;] [spb_row element_name=&#8221;Row&#8221; wrap_type=&#8221;content-width&#8221; parallax_image_height=&#8221;content-height&#8221; parallax_image_movement=&#8221;fixed&#8221; parallax_image_speed=&#8221;0.5&#8243; bg_video_loop=&#8221;yes&#8221; parallax_video_height=&#8221;window-height&#8221; parallax_video_overlay=&#8221;none&#8221; row_overlay_opacity=&#8221;0&#8243; row_col_pos=&#8221;default&#8221; minimize_row=&#8221;no&#8221; width=&#8221;1\/1&#8243; el_position=&#8221;first last&#8221;] [spb_column col_sm=&#8221;2&#8243; padding_horizontal=&#8221;0&#8243; width=&#8221;1\/6&#8243; el_position=&#8221;first&#8221;] [\/spb_column] [spb_column col_sm=&#8221;4&#8243; padding_horizontal=&#8221;0&#8243; width=&#8221;1\/3&#8243;] [spb_image image=&#8221;57087&#8243; image_size=&#8221;full&#8221; frame=&#8221;noframe&#8221; caption_pos=&#8221;hover&#8221; remove_rounded=&#8221;yes&#8221; fullwidth=&#8221;no&#8221; overflow_mode=&#8221;none&#8221; link_target=&#8221;_self&#8221; lightbox=&#8221;no&#8221; intro_animation=&#8221;none&#8221; animation_delay=&#8221;200&#8243; width=&#8221;1\/1&#8243; el_position=&#8221;first last&#8221;][\/spb_image] [\/spb_column] [spb_column col_sm=&#8221;6&#8243; padding_horizontal=&#8221;0&#8243; width=&#8221;1\/2&#8243; el_position=&#8221;last&#8221;] [spb_text_block animation=&#8221;none&#8221; animation_delay=&#8221;0&#8243; [&hellip;]<\/p>\n","protected":false},"author":11721,"featured_media":0,"parent":0,"menu_order":0,"comment_status":"closed","ping_status":"closed","template":"","meta":{"footnotes":""},"class_list":["post-57108","page","type-page","status-publish","hentry"],"_links":{"self":[{"href":"https:\/\/dutchinkalbums.com\/de\/wp-json\/wp\/v2\/pages\/57108","targetHints":{"allow":["GET"]}}],"collection":[{"href":"https:\/\/dutchinkalbums.com\/de\/wp-json\/wp\/v2\/pages"}],"about":[{"href":"https:\/\/dutchinkalbums.com\/de\/wp-json\/wp\/v2\/types\/page"}],"author":[{"embeddable":true,"href":"https:\/\/dutchinkalbums.com\/de\/wp-json\/wp\/v2\/users\/11721"}],"replies":[{"embeddable":true,"href":"https:\/\/dutchinkalbums.com\/de\/wp-json\/wp\/v2\/comments?post=57108"}],"version-history":[{"count":4,"href":"https:\/\/dutchinkalbums.com\/de\/wp-json\/wp\/v2\/pages\/57108\/revisions"}],"predecessor-version":[{"id":57200,"href":"https:\/\/dutchinkalbums.com\/de\/wp-json\/wp\/v2\/pages\/57108\/revisions\/57200"}],"wp:attachment":[{"href":"https:\/\/dutchinkalbums.com\/de\/wp-json\/wp\/v2\/media?parent=57108"}],"curies":[{"name":"wp","href":"https:\/\/api.w.org\/{rel}","templated":true}]}}